{"id":971,"date":"2025-10-16T19:20:10","date_gmt":"2025-10-16T19:20:10","guid":{"rendered":"https:\/\/gts-countmaster.com\/wp-new\/?page_id=971"},"modified":"2026-02-12T14:47:42","modified_gmt":"2026-02-12T14:47:42","slug":"leistungen","status":"publish","type":"page","link":"https:\/\/gts-countmaster.com\/de\/leistungen\/","title":{"rendered":"Leistungen"},"content":{"rendered":"\t\t<div data-elementor-type=\"wp-page\" data-elementor-id=\"971\" class=\"elementor elementor-971\" data-elementor-post-type=\"page\">\n\t\t\t\t<div class=\"elementor-element elementor-element-ec2eff4 elementor-hidden-desktop elementor-hidden-tablet e-flex e-con-boxed e-con e-parent\" data-id=\"ec2eff4\" data-element_type=\"container\" data-e-type=\"container\" data-settings=\"{&quot;jet_parallax_layout_list&quot;:[]}\">\n\t\t\t\t\t<div class=\"e-con-inner\">\n\t\t\t\t<div class=\"elementor-element elementor-element-146b992 elementor-widget elementor-widget-image\" data-id=\"146b992\" data-element_type=\"widget\" data-e-type=\"widget\" data-widget_type=\"image.default\">\n\t\t\t\t\t\t\t\t\t\t\t\t\t\t\t<img fetchpriority=\"high\" decoding=\"async\" width=\"800\" height=\"341\" src=\"https:\/\/gts-countmaster.com\/wp-content\/uploads\/2025\/10\/Unsere-Leistungen-1-1024x437.webp\" class=\"attachment-large size-large wp-image-976\" alt=\"\" srcset=\"https:\/\/gts-countmaster.com\/wp-content\/uploads\/2025\/10\/Unsere-Leistungen-1-1024x437.webp 1024w, https:\/\/gts-countmaster.com\/wp-content\/uploads\/2025\/10\/Unsere-Leistungen-1-300x128.webp 300w, https:\/\/gts-countmaster.com\/wp-content\/uploads\/2025\/10\/Unsere-Leistungen-1-768x328.webp 768w, https:\/\/gts-countmaster.com\/wp-content\/uploads\/2025\/10\/Unsere-Leistungen-1-1536x655.webp 1536w, https:\/\/gts-countmaster.com\/wp-content\/uploads\/2025\/10\/Unsere-Leistungen-1.webp 1920w\" sizes=\"(max-width: 800px) 100vw, 800px\" \/>\t\t\t\t\t\t\t\t\t\t\t\t\t\t\t<\/div>\n\t\t\t\t\t<\/div>\n\t\t\t\t<\/div>\n\t\t<div class=\"elementor-element elementor-element-3a34427 e-con-full elementor-hidden-desktop elementor-hidden-tablet e-flex e-con e-parent\" data-id=\"3a34427\" data-element_type=\"container\" data-e-type=\"container\" data-settings=\"{&quot;jet_parallax_layout_list&quot;:[]}\">\n\t\t<div class=\"elementor-element elementor-element-f829458 e-con-full e-flex e-con e-child\" data-id=\"f829458\" data-element_type=\"container\" data-e-type=\"container\" data-settings=\"{&quot;jet_parallax_layout_list&quot;:[],&quot;background_background&quot;:&quot;classic&quot;}\">\n\t\t\t\t<div class=\"elementor-element elementor-element-1cfc33b elementor-widget elementor-widget-heading\" data-id=\"1cfc33b\" data-element_type=\"widget\" data-e-type=\"widget\" data-widget_type=\"heading.default\">\n\t\t\t\t\t<h2 class=\"elementor-heading-title elementor-size-default\">Unsere<br>\nLeistungen<\/h2>\t\t\t\t<\/div>\n\t\t\t\t<div class=\"elementor-element elementor-element-dfda747 elementor-widget elementor-widget-heading\" data-id=\"dfda747\" data-element_type=\"widget\" data-e-type=\"widget\" data-widget_type=\"heading.default\">\n\t\t\t\t\t<h2 class=\"elementor-heading-title elementor-size-default\">Erfahrung, Qualit\u00e4t &amp; ein breites Sortiment.<\/h2>\t\t\t\t<\/div>\n\t\t\t\t<div class=\"elementor-element elementor-element-fa54967 elementor-hidden-desktop elementor-hidden-tablet elementor-widget elementor-widget-spacer\" data-id=\"fa54967\" data-element_type=\"widget\" data-e-type=\"widget\" data-widget_type=\"spacer.default\">\n\t\t\t\t\t\t\t<div class=\"elementor-spacer\">\n\t\t\t<div class=\"elementor-spacer-inner\"><\/div>\n\t\t<\/div>\n\t\t\t\t\t\t<\/div>\n\t\t\t\t<div class=\"elementor-element elementor-element-820f9d4 elementor-widget elementor-widget-text-editor\" data-id=\"820f9d4\" data-element_type=\"widget\" data-e-type=\"widget\" data-widget_type=\"text-editor.default\">\n\t\t\t\t\t\t\t\t\t<p>Von der individuellen Konstruktion bis zur fertigen Maschine \u2013 bei uns erhalten Sie alle Leistungen aus einer Hand. Erleben Sie h\u00f6chste Qualit\u00e4t, umfassenden Service und innovative L\u00f6sungen \u2013 alles direkt vor Ort.<\/p>\t\t\t\t\t\t\t\t<\/div>\n\t\t\t\t<div class=\"elementor-element elementor-element-fcc8150 elementor-widget elementor-widget-button\" data-id=\"fcc8150\" data-element_type=\"widget\" data-e-type=\"widget\" data-widget_type=\"button.default\">\n\t\t\t\t\t\t\t\t\t\t<a class=\"elementor-button elementor-button-link elementor-size-sm\" href=\"\/kontakt\/#anfrage\" target=\"_blank\">\n\t\t\t\t\t\t<span class=\"elementor-button-content-wrapper\">\n\t\t\t\t\t\t\t\t\t<span class=\"elementor-button-text\">Anfrage stellen<\/span>\n\t\t\t\t\t<\/span>\n\t\t\t\t\t<\/a>\n\t\t\t\t\t\t\t\t<\/div>\n\t\t\t\t<\/div>\n\t\t<div class=\"elementor-element elementor-element-3f777c8 e-con-full elementor-hidden-mobile e-flex e-con e-child\" data-id=\"3f777c8\" data-element_type=\"container\" data-e-type=\"container\" data-settings=\"{&quot;jet_parallax_layout_list&quot;:[]}\">\n\t\t\t\t<\/div>\n\t\t\t\t<\/div>\n\t\t<div class=\"elementor-element elementor-element-f8c0bc2 e-con-full elementor-hidden-mobile e-flex e-con e-parent\" data-id=\"f8c0bc2\" data-element_type=\"container\" data-e-type=\"container\" data-settings=\"{&quot;background_background&quot;:&quot;classic&quot;,&quot;jet_parallax_layout_list&quot;:[]}\">\n\t\t<div class=\"elementor-element elementor-element-b5d3903 e-con-full e-flex e-con e-child\" data-id=\"b5d3903\" data-element_type=\"container\" data-e-type=\"container\" data-settings=\"{&quot;jet_parallax_layout_list&quot;:[],&quot;background_background&quot;:&quot;classic&quot;}\">\n\t\t\t\t<div class=\"elementor-element elementor-element-70b30f6 elementor-widget elementor-widget-heading\" data-id=\"70b30f6\" data-element_type=\"widget\" data-e-type=\"widget\" data-widget_type=\"heading.default\">\n\t\t\t\t\t<h2 class=\"elementor-heading-title elementor-size-default\">Unsere<br>\nLeistungen<\/h2>\t\t\t\t<\/div>\n\t\t\t\t<div class=\"elementor-element elementor-element-5aade4c elementor-widget elementor-widget-heading\" data-id=\"5aade4c\" data-element_type=\"widget\" data-e-type=\"widget\" data-widget_type=\"heading.default\">\n\t\t\t\t\t<h2 class=\"elementor-heading-title elementor-size-default\">Erfahrung, Qualit\u00e4t &amp; ein breites Sortiment.<\/h2>\t\t\t\t<\/div>\n\t\t\t\t<div class=\"elementor-element elementor-element-5f683b2 elementor-hidden-desktop elementor-hidden-tablet elementor-widget elementor-widget-spacer\" data-id=\"5f683b2\" data-element_type=\"widget\" data-e-type=\"widget\" data-widget_type=\"spacer.default\">\n\t\t\t\t\t\t\t<div class=\"elementor-spacer\">\n\t\t\t<div class=\"elementor-spacer-inner\"><\/div>\n\t\t<\/div>\n\t\t\t\t\t\t<\/div>\n\t\t\t\t<div class=\"elementor-element elementor-element-91605e6 elementor-widget elementor-widget-text-editor\" data-id=\"91605e6\" data-element_type=\"widget\" data-e-type=\"widget\" data-widget_type=\"text-editor.default\">\n\t\t\t\t\t\t\t\t\t<p>Von der individuellen Konstruktion bis zur fertigen Maschine \u2013 bei uns erhalten Sie alle Leistungen aus einer Hand. Erleben Sie h\u00f6chste Qualit\u00e4t, umfassenden Service und innovative L\u00f6sungen \u2013 alles direkt vor Ort.<\/p>\t\t\t\t\t\t\t\t<\/div>\n\t\t\t\t<div class=\"elementor-element elementor-element-862c60a elementor-widget elementor-widget-button\" data-id=\"862c60a\" data-element_type=\"widget\" data-e-type=\"widget\" data-widget_type=\"button.default\">\n\t\t\t\t\t\t\t\t\t\t<a class=\"elementor-button elementor-button-link elementor-size-sm\" href=\"\/kontakt\/#anfrage\" target=\"_blank\">\n\t\t\t\t\t\t<span class=\"elementor-button-content-wrapper\">\n\t\t\t\t\t\t\t\t\t<span class=\"elementor-button-text\">Anfrage stellen<\/span>\n\t\t\t\t\t<\/span>\n\t\t\t\t\t<\/a>\n\t\t\t\t\t\t\t\t<\/div>\n\t\t\t\t<\/div>\n\t\t<div class=\"elementor-element elementor-element-70da390 e-con-full elementor-hidden-mobile e-flex e-con e-child\" data-id=\"70da390\" data-element_type=\"container\" data-e-type=\"container\" data-settings=\"{&quot;jet_parallax_layout_list&quot;:[]}\">\n\t\t\t\t<\/div>\n\t\t\t\t<\/div>\n\t\t<div class=\"elementor-element elementor-element-da433f8 e-flex e-con-boxed e-con e-parent\" data-id=\"da433f8\" data-element_type=\"container\" data-e-type=\"container\" data-settings=\"{&quot;jet_parallax_layout_list&quot;:[]}\">\n\t\t\t\t\t<div class=\"e-con-inner\">\n\t\t<div class=\"elementor-element elementor-element-b6b44f8 e-con-full e-flex e-con e-child\" data-id=\"b6b44f8\" data-element_type=\"container\" data-e-type=\"container\" data-settings=\"{&quot;jet_parallax_layout_list&quot;:[]}\">\n\t\t<div class=\"elementor-element elementor-element-5c87c9f e-grid e-con-full e-con e-child\" data-id=\"5c87c9f\" data-element_type=\"container\" data-e-type=\"container\" data-settings=\"{&quot;jet_parallax_layout_list&quot;:[]}\">\n\t\t<a class=\"elementor-element elementor-element-59cbb16 e-con-full hover-icon e-flex e-con e-child\" data-id=\"59cbb16\" data-element_type=\"container\" data-e-type=\"container\" data-settings=\"{&quot;background_background&quot;:&quot;classic&quot;,&quot;jet_parallax_layout_list&quot;:[]}\" href=\"https:\/\/gts-countmaster.com\/wp-new\/service-support\/\">\n\t\t\t\t<div class=\"elementor-element elementor-element-8be94e0 elementor-widget elementor-widget-heading\" data-id=\"8be94e0\" data-element_type=\"widget\" data-e-type=\"widget\" data-widget_type=\"heading.default\">\n\t\t\t\t\t<h2 class=\"elementor-heading-title elementor-size-default\">Service &amp;<br>\nSupport<\/h2>\t\t\t\t<\/div>\n\t\t\t\t<\/a>\n\t\t<a class=\"elementor-element elementor-element-1b37f3a e-con-full hover-icon e-flex e-con e-child\" data-id=\"1b37f3a\" data-element_type=\"container\" data-e-type=\"container\" data-settings=\"{&quot;background_background&quot;:&quot;classic&quot;,&quot;jet_parallax_layout_list&quot;:[]}\" href=\"https:\/\/gts-countmaster.com\/wp-new\/eigene-fertigung\/\">\n\t\t\t\t<div class=\"elementor-element elementor-element-38bf2b3 elementor-widget elementor-widget-heading\" data-id=\"38bf2b3\" data-element_type=\"widget\" data-e-type=\"widget\" data-widget_type=\"heading.default\">\n\t\t\t\t\t<h2 class=\"elementor-heading-title elementor-size-default\">Eigene<br>\nFertigung<\/h2>\t\t\t\t<\/div>\n\t\t\t\t<\/a>\n\t\t<a class=\"elementor-element elementor-element-b0836d5 e-con-full hover-icon e-flex e-con e-child\" data-id=\"b0836d5\" data-element_type=\"container\" data-e-type=\"container\" data-settings=\"{&quot;background_background&quot;:&quot;classic&quot;,&quot;jet_parallax_layout_list&quot;:[]}\" href=\"https:\/\/gts-countmaster.com\/wp-new\/showroomvor-ort\/\">\n\t\t\t\t<div class=\"elementor-element elementor-element-bc629e7 elementor-widget elementor-widget-heading\" data-id=\"bc629e7\" data-element_type=\"widget\" data-e-type=\"widget\" data-widget_type=\"heading.default\">\n\t\t\t\t\t<h2 class=\"elementor-heading-title elementor-size-default\">Showroom<br>\nvor Ort<\/h2>\t\t\t\t<\/div>\n\t\t\t\t<\/a>\n\t\t<a class=\"elementor-element elementor-element-57c5044 e-con-full hover-icon e-flex e-con e-child\" data-id=\"57c5044\" data-element_type=\"container\" data-e-type=\"container\" data-settings=\"{&quot;background_background&quot;:&quot;classic&quot;,&quot;jet_parallax_layout_list&quot;:[]}\" href=\"https:\/\/gts-countmaster.com\/wp-new\/konstruktion-projektierung\/\">\n\t\t\t\t<div class=\"elementor-element elementor-element-85829df elementor-widget elementor-widget-heading\" data-id=\"85829df\" data-element_type=\"widget\" data-e-type=\"widget\" data-widget_type=\"heading.default\">\n\t\t\t\t\t<h2 class=\"elementor-heading-title elementor-size-default\">Konstruktion<br>\n&amp; Planung<\/h2>\t\t\t\t<\/div>\n\t\t\t\t<\/a>\n\t\t\t\t<\/div>\n\t\t\t\t<\/div>\n\t\t\t\t\t<\/div>\n\t\t\t\t<\/div>\n\t\t<div class=\"elementor-element elementor-element-98aa14d e-flex e-con-boxed e-con e-parent\" data-id=\"98aa14d\" data-element_type=\"container\" data-e-type=\"container\" data-settings=\"{&quot;background_background&quot;:&quot;classic&quot;,&quot;jet_parallax_layout_list&quot;:[]}\">\n\t\t\t\t\t<div class=\"e-con-inner\">\n\t\t\t\t<div class=\"elementor-element elementor-element-47b5e961 elementor-widget elementor-widget-heading\" data-id=\"47b5e961\" data-element_type=\"widget\" data-e-type=\"widget\" data-widget_type=\"heading.default\">\n\t\t\t\t\t<h2 class=\"elementor-heading-title elementor-size-default\">Unsere Leistungen<\/h2>\t\t\t\t<\/div>\n\t\t\t\t<div class=\"elementor-element elementor-element-4bc55ae5 elementor-widget elementor-widget-text-editor\" data-id=\"4bc55ae5\" data-element_type=\"widget\" data-e-type=\"widget\" data-widget_type=\"text-editor.default\">\n\t\t\t\t\t\t\t\t\t<p><span style=\"font-weight: 400;\">Mehr als Maschinen \u2013 umfassender Service aus einer Hand<\/span><\/p>\t\t\t\t\t\t\t\t<\/div>\n\t\t\t\t<div class=\"elementor-element elementor-element-4542e794 elementor-widget elementor-widget-text-editor\" data-id=\"4542e794\" data-element_type=\"widget\" data-e-type=\"widget\" data-widget_type=\"text-editor.default\">\n\t\t\t\t\t\t\t\t\t<p>Von der Beratung \u00fcber Tests und Inbetriebnahme bis hin zu Service, Wartung und Softwareanpassungen: Wir begleiten Sie \u00fcber den gesamten Lebenszyklus Ihrer Anlage.<\/p>\t\t\t\t\t\t\t\t<\/div>\n\t\t\t\t<div class=\"elementor-element elementor-element-65320013 elementor-align-center elementor-widget elementor-widget-button\" data-id=\"65320013\" data-element_type=\"widget\" data-e-type=\"widget\" data-widget_type=\"button.default\">\n\t\t\t\t\t\t\t\t\t\t<a class=\"elementor-button elementor-button-link elementor-size-sm\" href=\"\/kontakt\/#anfrage\" target=\"_blank\">\n\t\t\t\t\t\t<span class=\"elementor-button-content-wrapper\">\n\t\t\t\t\t\t\t\t\t<span class=\"elementor-button-text\"><span>Beratung vereinbaren<\/span><span><\/span><\/span>\n\t\t\t\t\t<\/span>\n\t\t\t\t\t<\/a>\n\t\t\t\t\t\t\t\t<\/div>\n\t\t\t\t\t<\/div>\n\t\t\t\t<\/div>\n\t\t\t\t<\/div>\n\t\t","protected":false},"excerpt":{"rendered":"<p>Unsere Leistungen Erfahrung, Qualit\u00e4t &amp; ein breites Sortiment. Von der individuellen Konstruktion bis zur fertigen Maschine \u2013 bei uns erhalten Sie alle Leistungen aus einer Hand. Erleben Sie h\u00f6chste Qualit\u00e4t, umfassenden Service und innovative L\u00f6sungen \u2013 alles direkt vor Ort. Anfrage stellen Unsere Leistungen Erfahrung, Qualit\u00e4t &amp; ein breites Sortiment. Von der individuellen Konstruktion bis [&hellip;]<\/p>\n","protected":false},"author":1,"featured_media":0,"parent":0,"menu_order":0,"comment_status":"closed","ping_status":"closed","template":"","meta":{"footnotes":""},"class_list":["post-971","page","type-page","status-publish","hentry"],"_links":{"self":[{"href":"https:\/\/gts-countmaster.com\/de\/wp-json\/wp\/v2\/pages\/971","targetHints":{"allow":["GET"]}}],"collection":[{"href":"https:\/\/gts-countmaster.com\/de\/wp-json\/wp\/v2\/pages"}],"about":[{"href":"https:\/\/gts-countmaster.com\/de\/wp-json\/wp\/v2\/types\/page"}],"author":[{"embeddable":true,"href":"https:\/\/gts-countmaster.com\/de\/wp-json\/wp\/v2\/users\/1"}],"replies":[{"embeddable":true,"href":"https:\/\/gts-countmaster.com\/de\/wp-json\/wp\/v2\/comments?post=971"}],"version-history":[{"count":0,"href":"https:\/\/gts-countmaster.com\/de\/wp-json\/wp\/v2\/pages\/971\/revisions"}],"wp:attachment":[{"href":"https:\/\/gts-countmaster.com\/de\/wp-json\/wp\/v2\/media?parent=971"}],"curies":[{"name":"wp","href":"https:\/\/api.w.org\/{rel}","templated":true}]}}